{"id":10893,"date":"2020-01-07T22:10:16","date_gmt":"2020-01-07T21:10:16","guid":{"rendered":"https:\/\/beveroya.no\/aktiviteter-pa-beveroya-en\/"},"modified":"2025-06-10T15:00:23","modified_gmt":"2025-06-10T13:00:23","slug":"activities-on-beveroya","status":"publish","type":"page","link":"https:\/\/beveroya.no\/en\/activities-on-beveroya\/","title":{"rendered":"Activities on Bever\u00f8ya"},"content":{"rendered":"<div id=\"cs-content\" class=\"cs-content\"><\/div>\n","protected":false},"excerpt":{"rendered":"<p>At Bever\u00f8ya we offer a lot of activities especially for children during the summer season. Below is a overview of some of the activities we offer. We reserve the right to cancel activities due to weather, breakdown of equipment or due to illness. Some activities are also seasonal. Beach B\u00f8 has many beautiful beaches, but if you want to enjoy &#8230; <\/p>\n<div><a href=\"https:\/\/beveroya.no\/en\/activities-on-beveroya\/\" class=\"more-link\">Read More<\/a><\/div>\n","protected":false},"author":33,"featured_media":0,"parent":0,"menu_order":3,"comment_status":"closed","ping_status":"closed","template":"template-blank-4.php","meta":{"_relevanssi_hide_post":"","_relevanssi_hide_content":"","_relevanssi_pin_for_all":"","_relevanssi_pin_keywords":"","_relevanssi_unpin_keywords":"","_relevanssi_related_keywords":"","_relevanssi_related_include_ids":"","_relevanssi_related_exclude_ids":"","_relevanssi_related_no_append":"","_relevanssi_related_not_related":"","_relevanssi_related_posts":"","_relevanssi_noindex_reason":"","footnotes":""},"class_list":["post-10893","page","type-page","status-publish","hentry","no-post-thumbnail"],"yoast_head":"<!-- This site is optimized with the Yoast SEO plugin v27.2 - https:\/\/yoast.com\/product\/yoast-seo-wordpress\/ -->\n<title>Activities on Bever\u00f8ya - Bever\u00f8ya Camping<\/title>\n<meta name=\"description\" content=\"We have many activites on Bever\u00f8ya! we have several swimming areas and playgrounds, among other things. Perhaps B\u00f8rre Bever will come to say hello sometime in the summer.\" \/>\n<meta name=\"robots\" content=\"index, follow, max-snippet:-1, max-image-preview:large, max-video-preview:-1\" \/>\n<link rel=\"canonical\" href=\"https:\/\/beveroya.no\/en\/activities-on-beveroya\/\" \/>\n<meta property=\"og:locale\" content=\"en_US\" \/>\n<meta property=\"og:type\" content=\"article\" \/>\n<meta property=\"og:title\" content=\"Activities on Bever\u00f8ya - Bever\u00f8ya Camping\" \/>\n<meta property=\"og:description\" content=\"We have many activites on Bever\u00f8ya! we have several swimming areas and playgrounds, among other things. Perhaps B\u00f8rre Bever will come to say hello sometime in the summer.\" \/>\n<meta property=\"og:url\" content=\"https:\/\/beveroya.no\/en\/activities-on-beveroya\/\" \/>\n<meta property=\"og:site_name\" content=\"Bever\u00f8ya Camping\" \/>\n<meta property=\"article:modified_time\" content=\"2025-06-10T13:00:23+00:00\" \/>\n<meta name=\"twitter:card\" content=\"summary_large_image\" \/>\n<meta name=\"twitter:label1\" content=\"Est. reading time\" \/>\n\t<meta name=\"twitter:data1\" content=\"6 minutes\" \/>\n<script type=\"application\/ld+json\" class=\"yoast-schema-graph\">{\"@context\":\"https:\/\/schema.org\",\"@graph\":[{\"@type\":\"WebPage\",\"@id\":\"https:\/\/beveroya.no\/en\/activities-on-beveroya\/\",\"url\":\"https:\/\/beveroya.no\/en\/activities-on-beveroya\/\",\"name\":\"Activities on Bever\u00f8ya - Bever\u00f8ya Camping\",\"isPartOf\":{\"@id\":\"https:\/\/beveroya.no\/en\/#website\"},\"datePublished\":\"2020-01-07T21:10:16+00:00\",\"dateModified\":\"2025-06-10T13:00:23+00:00\",\"description\":\"We have many activites on Bever\u00f8ya! we have several swimming areas and playgrounds, among other things. Perhaps B\u00f8rre Bever will come to say hello sometime in the summer.\",\"breadcrumb\":{\"@id\":\"https:\/\/beveroya.no\/en\/activities-on-beveroya\/#breadcrumb\"},\"inLanguage\":\"en-US\",\"potentialAction\":[{\"@type\":\"ReadAction\",\"target\":[\"https:\/\/beveroya.no\/en\/activities-on-beveroya\/\"]}]},{\"@type\":\"BreadcrumbList\",\"@id\":\"https:\/\/beveroya.no\/en\/activities-on-beveroya\/#breadcrumb\",\"itemListElement\":[{\"@type\":\"ListItem\",\"position\":1,\"name\":\"Hjem\",\"item\":\"https:\/\/beveroya.no\/en\/forside-2-2\/\"},{\"@type\":\"ListItem\",\"position\":2,\"name\":\"Activities on Bever\u00f8ya\"}]},{\"@type\":\"WebSite\",\"@id\":\"https:\/\/beveroya.no\/en\/#website\",\"url\":\"https:\/\/beveroya.no\/en\/\",\"name\":\"Bever\u00f8ya Camping\",\"description\":\"One online experience - for everything your destination has to offer.\",\"potentialAction\":[{\"@type\":\"SearchAction\",\"target\":{\"@type\":\"EntryPoint\",\"urlTemplate\":\"https:\/\/beveroya.no\/en\/?s={search_term_string}\"},\"query-input\":{\"@type\":\"PropertyValueSpecification\",\"valueRequired\":true,\"valueName\":\"search_term_string\"}}],\"inLanguage\":\"en-US\"}]}<\/script>\n<!-- \/ Yoast SEO plugin. -->","yoast_head_json":{"title":"Activities on Bever\u00f8ya - Bever\u00f8ya Camping","description":"We have many activites on Bever\u00f8ya! we have several swimming areas and playgrounds, among other things. Perhaps B\u00f8rre Bever will come to say hello sometime in the summer.","robots":{"index":"index","follow":"follow","max-snippet":"max-snippet:-1","max-image-preview":"max-image-preview:large","max-video-preview":"max-video-preview:-1"},"canonical":"https:\/\/beveroya.no\/en\/activities-on-beveroya\/","og_locale":"en_US","og_type":"article","og_title":"Activities on Bever\u00f8ya - Bever\u00f8ya Camping","og_description":"We have many activites on Bever\u00f8ya! we have several swimming areas and playgrounds, among other things. Perhaps B\u00f8rre Bever will come to say hello sometime in the summer.","og_url":"https:\/\/beveroya.no\/en\/activities-on-beveroya\/","og_site_name":"Bever\u00f8ya Camping","article_modified_time":"2025-06-10T13:00:23+00:00","twitter_card":"summary_large_image","twitter_misc":{"Est. reading time":"6 minutes"},"schema":{"@context":"https:\/\/schema.org","@graph":[{"@type":"WebPage","@id":"https:\/\/beveroya.no\/en\/activities-on-beveroya\/","url":"https:\/\/beveroya.no\/en\/activities-on-beveroya\/","name":"Activities on Bever\u00f8ya - Bever\u00f8ya Camping","isPartOf":{"@id":"https:\/\/beveroya.no\/en\/#website"},"datePublished":"2020-01-07T21:10:16+00:00","dateModified":"2025-06-10T13:00:23+00:00","description":"We have many activites on Bever\u00f8ya! we have several swimming areas and playgrounds, among other things. Perhaps B\u00f8rre Bever will come to say hello sometime in the summer.","breadcrumb":{"@id":"https:\/\/beveroya.no\/en\/activities-on-beveroya\/#breadcrumb"},"inLanguage":"en-US","potentialAction":[{"@type":"ReadAction","target":["https:\/\/beveroya.no\/en\/activities-on-beveroya\/"]}]},{"@type":"BreadcrumbList","@id":"https:\/\/beveroya.no\/en\/activities-on-beveroya\/#breadcrumb","itemListElement":[{"@type":"ListItem","position":1,"name":"Hjem","item":"https:\/\/beveroya.no\/en\/forside-2-2\/"},{"@type":"ListItem","position":2,"name":"Activities on Bever\u00f8ya"}]},{"@type":"WebSite","@id":"https:\/\/beveroya.no\/en\/#website","url":"https:\/\/beveroya.no\/en\/","name":"Bever\u00f8ya Camping","description":"One online experience - for everything your destination has to offer.","potentialAction":[{"@type":"SearchAction","target":{"@type":"EntryPoint","urlTemplate":"https:\/\/beveroya.no\/en\/?s={search_term_string}"},"query-input":{"@type":"PropertyValueSpecification","valueRequired":true,"valueName":"search_term_string"}}],"inLanguage":"en-US"}]}},"_links":{"self":[{"href":"https:\/\/beveroya.no\/en\/wp-json\/wp\/v2\/pages\/10893","targetHints":{"allow":["GET"]}}],"collection":[{"href":"https:\/\/beveroya.no\/en\/wp-json\/wp\/v2\/pages"}],"about":[{"href":"https:\/\/beveroya.no\/en\/wp-json\/wp\/v2\/types\/page"}],"author":[{"embeddable":true,"href":"https:\/\/beveroya.no\/en\/wp-json\/wp\/v2\/users\/33"}],"replies":[{"embeddable":true,"href":"https:\/\/beveroya.no\/en\/wp-json\/wp\/v2\/comments?post=10893"}],"version-history":[{"count":43,"href":"https:\/\/beveroya.no\/en\/wp-json\/wp\/v2\/pages\/10893\/revisions"}],"predecessor-version":[{"id":11906,"href":"https:\/\/beveroya.no\/en\/wp-json\/wp\/v2\/pages\/10893\/revisions\/11906"}],"wp:attachment":[{"href":"https:\/\/beveroya.no\/en\/wp-json\/wp\/v2\/media?parent=10893"}],"curies":[{"name":"wp","href":"https:\/\/api.w.org\/{rel}","templated":true}]}}