{"id":10915,"date":"2012-04-11T16:34:42","date_gmt":"2012-04-11T14:34:42","guid":{"rendered":"https:\/\/beveroya.no\/beveroya-camping-en\/"},"modified":"2026-04-07T10:54:18","modified_gmt":"2026-04-07T08:54:18","slug":"forside-2-2","status":"publish","type":"page","link":"https:\/\/beveroya.no\/en\/","title":{"rendered":"Bever\u00f8ya Camping"},"content":{"rendered":"<div id=\"cs-content\" class=\"cs-content\"><\/div>\n","protected":false},"excerpt":{"rendered":"<p>FIND AVAILABLE ACCOMMODATION Bever\u00f8ya is a year-round campsite in the heart of B\u00f8! Looking for an active and eventful vacation? Bring the family to Bever\u00f8ya, your own island for vacation and leisure, in beautiful B\u00f8 in central Telemark. Here, every day is unique and the experiences are diverse. We want to make sure you have a great stay here with &#8230; <\/p>\n<div><a href=\"https:\/\/beveroya.no\/en\/\" class=\"more-link\">Read More<\/a><\/div>\n","protected":false},"author":33,"featured_media":0,"parent":0,"menu_order":0,"comment_status":"closed","ping_status":"closed","template":"template-blank-4.php","meta":{"_relevanssi_hide_post":"","_relevanssi_hide_content":"","_relevanssi_pin_for_all":"","_relevanssi_pin_keywords":"","_relevanssi_unpin_keywords":"","_relevanssi_related_keywords":"","_relevanssi_related_include_ids":"","_relevanssi_related_exclude_ids":"","_relevanssi_related_no_append":"","_relevanssi_related_not_related":"","_relevanssi_related_posts":"","_relevanssi_noindex_reason":"","footnotes":""},"class_list":["post-10915","page","type-page","status-publish","hentry","no-post-thumbnail"],"yoast_head":"<!-- This site is optimized with the Yoast SEO plugin v27.2 - https:\/\/yoast.com\/product\/yoast-seo-wordpress\/ -->\n<title>Bever\u00f8ya Camping - Bever\u00f8ya Camping<\/title>\n<meta name=\"description\" content=\"Bever\u00f8ya Camping is a family campsite in B\u00f8 in Telemark. Only 5 minutes from B\u00f8 Sommarland and within walking distance of B\u00f8 city center. Welcome to Bever\u00f8ya Camping!\" \/>\n<meta name=\"robots\" content=\"index, follow, max-snippet:-1, max-image-preview:large, max-video-preview:-1\" \/>\n<link rel=\"canonical\" href=\"https:\/\/beveroya.no\/en\/\" \/>\n<meta property=\"og:locale\" content=\"en_US\" \/>\n<meta property=\"og:type\" content=\"article\" \/>\n<meta property=\"og:title\" content=\"Bever\u00f8ya Camping - Bever\u00f8ya Camping\" \/>\n<meta property=\"og:description\" content=\"Bever\u00f8ya Camping is a family campsite in B\u00f8 in Telemark. Only 5 minutes from B\u00f8 Sommarland and within walking distance of B\u00f8 city center. Welcome to Bever\u00f8ya Camping!\" \/>\n<meta property=\"og:url\" content=\"https:\/\/beveroya.no\/en\/\" \/>\n<meta property=\"og:site_name\" content=\"Bever\u00f8ya Camping\" \/>\n<meta property=\"article:modified_time\" content=\"2026-04-07T08:54:18+00:00\" \/>\n<meta name=\"twitter:card\" content=\"summary_large_image\" \/>\n<meta name=\"twitter:label1\" content=\"Est. reading time\" \/>\n\t<meta name=\"twitter:data1\" content=\"6 minutes\" \/>\n<script type=\"application\/ld+json\" class=\"yoast-schema-graph\">{\"@context\":\"https:\/\/schema.org\",\"@graph\":[{\"@type\":\"WebPage\",\"@id\":\"https:\/\/beveroya.no\/en\/\",\"url\":\"https:\/\/beveroya.no\/en\/\",\"name\":\"Bever\u00f8ya Camping - Bever\u00f8ya Camping\",\"isPartOf\":{\"@id\":\"https:\/\/beveroya.no\/en\/#website\"},\"datePublished\":\"2012-04-11T14:34:42+00:00\",\"dateModified\":\"2026-04-07T08:54:18+00:00\",\"description\":\"Bever\u00f8ya Camping is a family campsite in B\u00f8 in Telemark. Only 5 minutes from B\u00f8 Sommarland and within walking distance of B\u00f8 city center. Welcome to Bever\u00f8ya Camping!\",\"breadcrumb\":{\"@id\":\"https:\/\/beveroya.no\/en\/#breadcrumb\"},\"inLanguage\":\"en-US\",\"potentialAction\":[{\"@type\":\"ReadAction\",\"target\":[\"https:\/\/beveroya.no\/en\/\"]}]},{\"@type\":\"BreadcrumbList\",\"@id\":\"https:\/\/beveroya.no\/en\/#breadcrumb\",\"itemListElement\":[{\"@type\":\"ListItem\",\"position\":1,\"name\":\"Hjem\",\"item\":\"https:\/\/beveroya.no\/en\/forside-2-2\/\"},{\"@type\":\"ListItem\",\"position\":2,\"name\":\"Bever\u00f8ya Camping\"}]},{\"@type\":\"WebSite\",\"@id\":\"https:\/\/beveroya.no\/en\/#website\",\"url\":\"https:\/\/beveroya.no\/en\/\",\"name\":\"Bever\u00f8ya Camping\",\"description\":\"One online experience - for everything your destination has to offer.\",\"potentialAction\":[{\"@type\":\"SearchAction\",\"target\":{\"@type\":\"EntryPoint\",\"urlTemplate\":\"https:\/\/beveroya.no\/en\/?s={search_term_string}\"},\"query-input\":{\"@type\":\"PropertyValueSpecification\",\"valueRequired\":true,\"valueName\":\"search_term_string\"}}],\"inLanguage\":\"en-US\"}]}<\/script>\n<!-- \/ Yoast SEO plugin. -->","yoast_head_json":{"title":"Bever\u00f8ya Camping - Bever\u00f8ya Camping","description":"Bever\u00f8ya Camping is a family campsite in B\u00f8 in Telemark. Only 5 minutes from B\u00f8 Sommarland and within walking distance of B\u00f8 city center. Welcome to Bever\u00f8ya Camping!","robots":{"index":"index","follow":"follow","max-snippet":"max-snippet:-1","max-image-preview":"max-image-preview:large","max-video-preview":"max-video-preview:-1"},"canonical":"https:\/\/beveroya.no\/en\/","og_locale":"en_US","og_type":"article","og_title":"Bever\u00f8ya Camping - Bever\u00f8ya Camping","og_description":"Bever\u00f8ya Camping is a family campsite in B\u00f8 in Telemark. Only 5 minutes from B\u00f8 Sommarland and within walking distance of B\u00f8 city center. Welcome to Bever\u00f8ya Camping!","og_url":"https:\/\/beveroya.no\/en\/","og_site_name":"Bever\u00f8ya Camping","article_modified_time":"2026-04-07T08:54:18+00:00","twitter_card":"summary_large_image","twitter_misc":{"Est. reading time":"6 minutes"},"schema":{"@context":"https:\/\/schema.org","@graph":[{"@type":"WebPage","@id":"https:\/\/beveroya.no\/en\/","url":"https:\/\/beveroya.no\/en\/","name":"Bever\u00f8ya Camping - Bever\u00f8ya Camping","isPartOf":{"@id":"https:\/\/beveroya.no\/en\/#website"},"datePublished":"2012-04-11T14:34:42+00:00","dateModified":"2026-04-07T08:54:18+00:00","description":"Bever\u00f8ya Camping is a family campsite in B\u00f8 in Telemark. Only 5 minutes from B\u00f8 Sommarland and within walking distance of B\u00f8 city center. Welcome to Bever\u00f8ya Camping!","breadcrumb":{"@id":"https:\/\/beveroya.no\/en\/#breadcrumb"},"inLanguage":"en-US","potentialAction":[{"@type":"ReadAction","target":["https:\/\/beveroya.no\/en\/"]}]},{"@type":"BreadcrumbList","@id":"https:\/\/beveroya.no\/en\/#breadcrumb","itemListElement":[{"@type":"ListItem","position":1,"name":"Hjem","item":"https:\/\/beveroya.no\/en\/forside-2-2\/"},{"@type":"ListItem","position":2,"name":"Bever\u00f8ya Camping"}]},{"@type":"WebSite","@id":"https:\/\/beveroya.no\/en\/#website","url":"https:\/\/beveroya.no\/en\/","name":"Bever\u00f8ya Camping","description":"One online experience - for everything your destination has to offer.","potentialAction":[{"@type":"SearchAction","target":{"@type":"EntryPoint","urlTemplate":"https:\/\/beveroya.no\/en\/?s={search_term_string}"},"query-input":{"@type":"PropertyValueSpecification","valueRequired":true,"valueName":"search_term_string"}}],"inLanguage":"en-US"}]}},"_links":{"self":[{"href":"https:\/\/beveroya.no\/en\/wp-json\/wp\/v2\/pages\/10915","targetHints":{"allow":["GET"]}}],"collection":[{"href":"https:\/\/beveroya.no\/en\/wp-json\/wp\/v2\/pages"}],"about":[{"href":"https:\/\/beveroya.no\/en\/wp-json\/wp\/v2\/types\/page"}],"author":[{"embeddable":true,"href":"https:\/\/beveroya.no\/en\/wp-json\/wp\/v2\/users\/33"}],"replies":[{"embeddable":true,"href":"https:\/\/beveroya.no\/en\/wp-json\/wp\/v2\/comments?post=10915"}],"version-history":[{"count":53,"href":"https:\/\/beveroya.no\/en\/wp-json\/wp\/v2\/pages\/10915\/revisions"}],"predecessor-version":[{"id":12201,"href":"https:\/\/beveroya.no\/en\/wp-json\/wp\/v2\/pages\/10915\/revisions\/12201"}],"wp:attachment":[{"href":"https:\/\/beveroya.no\/en\/wp-json\/wp\/v2\/media?parent=10915"}],"curies":[{"name":"wp","href":"https:\/\/api.w.org\/{rel}","templated":true}]}}