{"id":11279,"date":"2024-03-07T09:16:32","date_gmt":"2024-03-07T08:16:32","guid":{"rendered":"https:\/\/beveroya.no\/?page_id=11279"},"modified":"2026-04-07T10:56:56","modified_gmt":"2026-04-07T08:56:56","slug":"beveroyaplus","status":"publish","type":"page","link":"https:\/\/beveroya.no\/en\/beveroyaplus\/","title":{"rendered":"Bever\u00f8ya Plus"},"content":{"rendered":"<div id=\"cs-content\" class=\"cs-content\"><\/div>\n","protected":false},"excerpt":{"rendered":"<p>Bever\u00f8ya Plus Becoming a member pays off! As a member of Bever\u00f8ya Plus, you receive membership benefits such as discounted prices on accommodation*, as well as coupons. When purchasing accommodation in a cabin or space for a motorhome, caravan, or tent through our website, email, or phone, you earn a 5% bonus that you can use on your next visit. &#8230; <\/p>\n<div><a href=\"https:\/\/beveroya.no\/en\/beveroyaplus\/\" class=\"more-link\">Read More<\/a><\/div>\n","protected":false},"author":76,"featured_media":0,"parent":0,"menu_order":3,"comment_status":"closed","ping_status":"closed","template":"template-sites.php","meta":{"_relevanssi_hide_post":"","_relevanssi_hide_content":"","_relevanssi_pin_for_all":"","_relevanssi_pin_keywords":"","_relevanssi_unpin_keywords":"","_relevanssi_related_keywords":"","_relevanssi_related_include_ids":"","_relevanssi_related_exclude_ids":"","_relevanssi_related_no_append":"","_relevanssi_related_not_related":"","_relevanssi_related_posts":"","_relevanssi_noindex_reason":"","footnotes":""},"class_list":["post-11279","page","type-page","status-publish","hentry","no-post-thumbnail"],"yoast_head":"<!-- This site is optimized with the Yoast SEO plugin v27.2 - https:\/\/yoast.com\/product\/yoast-seo-wordpress\/ -->\n<title>Bever\u00f8ya Plus - Bever\u00f8ya Camping<\/title>\n<meta name=\"description\" content=\"As a Bever\u00f8ya Plus member, you accumulate bonuses and receive offers for member benefits that you can use during your next visit with us.\" \/>\n<meta name=\"robots\" content=\"index, follow, max-snippet:-1, max-image-preview:large, max-video-preview:-1\" \/>\n<link rel=\"canonical\" href=\"https:\/\/beveroya.no\/en\/beveroyaplus\/\" \/>\n<meta property=\"og:locale\" content=\"en_US\" \/>\n<meta property=\"og:type\" content=\"article\" \/>\n<meta property=\"og:title\" content=\"Bever\u00f8ya Plus - Bever\u00f8ya Camping\" \/>\n<meta property=\"og:description\" content=\"As a Bever\u00f8ya Plus member, you accumulate bonuses and receive offers for member benefits that you can use during your next visit with us.\" \/>\n<meta property=\"og:url\" content=\"https:\/\/beveroya.no\/en\/beveroyaplus\/\" \/>\n<meta property=\"og:site_name\" content=\"Bever\u00f8ya Camping\" \/>\n<meta property=\"article:modified_time\" content=\"2026-04-07T08:56:56+00:00\" \/>\n<meta name=\"twitter:card\" content=\"summary_large_image\" \/>\n<meta name=\"twitter:label1\" content=\"Est. reading time\" \/>\n\t<meta name=\"twitter:data1\" content=\"2 minutes\" \/>\n<script type=\"application\/ld+json\" class=\"yoast-schema-graph\">{\"@context\":\"https:\/\/schema.org\",\"@graph\":[{\"@type\":\"WebPage\",\"@id\":\"https:\/\/beveroya.no\/en\/beveroyaplus\/\",\"url\":\"https:\/\/beveroya.no\/en\/beveroyaplus\/\",\"name\":\"Bever\u00f8ya Plus - Bever\u00f8ya Camping\",\"isPartOf\":{\"@id\":\"https:\/\/beveroya.no\/en\/#website\"},\"datePublished\":\"2024-03-07T08:16:32+00:00\",\"dateModified\":\"2026-04-07T08:56:56+00:00\",\"description\":\"As a Bever\u00f8ya Plus member, you accumulate bonuses and receive offers for member benefits that you can use during your next visit with us.\",\"breadcrumb\":{\"@id\":\"https:\/\/beveroya.no\/en\/beveroyaplus\/#breadcrumb\"},\"inLanguage\":\"en-US\",\"potentialAction\":[{\"@type\":\"ReadAction\",\"target\":[\"https:\/\/beveroya.no\/en\/beveroyaplus\/\"]}]},{\"@type\":\"BreadcrumbList\",\"@id\":\"https:\/\/beveroya.no\/en\/beveroyaplus\/#breadcrumb\",\"itemListElement\":[{\"@type\":\"ListItem\",\"position\":1,\"name\":\"Hjem\",\"item\":\"https:\/\/beveroya.no\/en\/forside-2-2\/\"},{\"@type\":\"ListItem\",\"position\":2,\"name\":\"Bever\u00f8ya Plus\"}]},{\"@type\":\"WebSite\",\"@id\":\"https:\/\/beveroya.no\/en\/#website\",\"url\":\"https:\/\/beveroya.no\/en\/\",\"name\":\"Bever\u00f8ya Camping\",\"description\":\"One online experience - for everything your destination has to offer.\",\"potentialAction\":[{\"@type\":\"SearchAction\",\"target\":{\"@type\":\"EntryPoint\",\"urlTemplate\":\"https:\/\/beveroya.no\/en\/?s={search_term_string}\"},\"query-input\":{\"@type\":\"PropertyValueSpecification\",\"valueRequired\":true,\"valueName\":\"search_term_string\"}}],\"inLanguage\":\"en-US\"}]}<\/script>\n<!-- \/ Yoast SEO plugin. -->","yoast_head_json":{"title":"Bever\u00f8ya Plus - Bever\u00f8ya Camping","description":"As a Bever\u00f8ya Plus member, you accumulate bonuses and receive offers for member benefits that you can use during your next visit with us.","robots":{"index":"index","follow":"follow","max-snippet":"max-snippet:-1","max-image-preview":"max-image-preview:large","max-video-preview":"max-video-preview:-1"},"canonical":"https:\/\/beveroya.no\/en\/beveroyaplus\/","og_locale":"en_US","og_type":"article","og_title":"Bever\u00f8ya Plus - Bever\u00f8ya Camping","og_description":"As a Bever\u00f8ya Plus member, you accumulate bonuses and receive offers for member benefits that you can use during your next visit with us.","og_url":"https:\/\/beveroya.no\/en\/beveroyaplus\/","og_site_name":"Bever\u00f8ya Camping","article_modified_time":"2026-04-07T08:56:56+00:00","twitter_card":"summary_large_image","twitter_misc":{"Est. reading time":"2 minutes"},"schema":{"@context":"https:\/\/schema.org","@graph":[{"@type":"WebPage","@id":"https:\/\/beveroya.no\/en\/beveroyaplus\/","url":"https:\/\/beveroya.no\/en\/beveroyaplus\/","name":"Bever\u00f8ya Plus - Bever\u00f8ya Camping","isPartOf":{"@id":"https:\/\/beveroya.no\/en\/#website"},"datePublished":"2024-03-07T08:16:32+00:00","dateModified":"2026-04-07T08:56:56+00:00","description":"As a Bever\u00f8ya Plus member, you accumulate bonuses and receive offers for member benefits that you can use during your next visit with us.","breadcrumb":{"@id":"https:\/\/beveroya.no\/en\/beveroyaplus\/#breadcrumb"},"inLanguage":"en-US","potentialAction":[{"@type":"ReadAction","target":["https:\/\/beveroya.no\/en\/beveroyaplus\/"]}]},{"@type":"BreadcrumbList","@id":"https:\/\/beveroya.no\/en\/beveroyaplus\/#breadcrumb","itemListElement":[{"@type":"ListItem","position":1,"name":"Hjem","item":"https:\/\/beveroya.no\/en\/forside-2-2\/"},{"@type":"ListItem","position":2,"name":"Bever\u00f8ya Plus"}]},{"@type":"WebSite","@id":"https:\/\/beveroya.no\/en\/#website","url":"https:\/\/beveroya.no\/en\/","name":"Bever\u00f8ya Camping","description":"One online experience - for everything your destination has to offer.","potentialAction":[{"@type":"SearchAction","target":{"@type":"EntryPoint","urlTemplate":"https:\/\/beveroya.no\/en\/?s={search_term_string}"},"query-input":{"@type":"PropertyValueSpecification","valueRequired":true,"valueName":"search_term_string"}}],"inLanguage":"en-US"}]}},"_links":{"self":[{"href":"https:\/\/beveroya.no\/en\/wp-json\/wp\/v2\/pages\/11279","targetHints":{"allow":["GET"]}}],"collection":[{"href":"https:\/\/beveroya.no\/en\/wp-json\/wp\/v2\/pages"}],"about":[{"href":"https:\/\/beveroya.no\/en\/wp-json\/wp\/v2\/types\/page"}],"author":[{"embeddable":true,"href":"https:\/\/beveroya.no\/en\/wp-json\/wp\/v2\/users\/76"}],"replies":[{"embeddable":true,"href":"https:\/\/beveroya.no\/en\/wp-json\/wp\/v2\/comments?post=11279"}],"version-history":[{"count":21,"href":"https:\/\/beveroya.no\/en\/wp-json\/wp\/v2\/pages\/11279\/revisions"}],"predecessor-version":[{"id":12203,"href":"https:\/\/beveroya.no\/en\/wp-json\/wp\/v2\/pages\/11279\/revisions\/12203"}],"wp:attachment":[{"href":"https:\/\/beveroya.no\/en\/wp-json\/wp\/v2\/media?parent=11279"}],"curies":[{"name":"wp","href":"https:\/\/api.w.org\/{rel}","templated":true}]}}