{"id":11467,"date":"2024-08-23T13:33:55","date_gmt":"2024-08-23T11:33:55","guid":{"rendered":"https:\/\/beveroya.no\/?page_id=11467"},"modified":"2026-04-07T10:58:09","modified_gmt":"2026-04-07T08:58:09","slug":"about-us","status":"publish","type":"page","link":"https:\/\/beveroya.no\/en\/about-us\/","title":{"rendered":"About us"},"content":{"rendered":"<div id=\"cs-content\" class=\"cs-content\"><\/div>\n","protected":false},"excerpt":{"rendered":"<p>About us Bever\u00f8ya Camping Bever\u00f8ya is a family-run campsite located 1 km from B\u00f8 Town Center. In 1972, Einar and Jenny purchased the campsite, which at that time consisted of 10 cabins and around 50 camping spots over 20 acres. Astrid, who was 6 years old at the time, helped out by assisting guests from the soda counter behind the &#8230; <\/p>\n<div><a href=\"https:\/\/beveroya.no\/en\/about-us\/\" class=\"more-link\">Read More<\/a><\/div>\n","protected":false},"author":33,"featured_media":0,"parent":0,"menu_order":3,"comment_status":"closed","ping_status":"closed","template":"template-sites.php","meta":{"_relevanssi_hide_post":"","_relevanssi_hide_content":"","_relevanssi_pin_for_all":"","_relevanssi_pin_keywords":"","_relevanssi_unpin_keywords":"","_relevanssi_related_keywords":"","_relevanssi_related_include_ids":"","_relevanssi_related_exclude_ids":"","_relevanssi_related_no_append":"","_relevanssi_related_not_related":"","_relevanssi_related_posts":"","_relevanssi_noindex_reason":"","footnotes":""},"class_list":["post-11467","page","type-page","status-publish","hentry","no-post-thumbnail"],"yoast_head":"<!-- This site is optimized with the Yoast SEO plugin v27.2 - https:\/\/yoast.com\/product\/yoast-seo-wordpress\/ -->\n<title>About us - Bever\u00f8ya Camping<\/title>\n<meta name=\"description\" content=\"As a Bever\u00f8ya Plus member, you accumulate bonuses and receive offers for member benefits that you can use during your next visit with us.\" \/>\n<meta name=\"robots\" content=\"index, follow, max-snippet:-1, max-image-preview:large, max-video-preview:-1\" \/>\n<link rel=\"canonical\" href=\"https:\/\/beveroya.no\/en\/about-us\/\" \/>\n<meta property=\"og:locale\" content=\"en_US\" \/>\n<meta property=\"og:type\" content=\"article\" \/>\n<meta property=\"og:title\" content=\"About us - Bever\u00f8ya Camping\" \/>\n<meta property=\"og:description\" content=\"As a Bever\u00f8ya Plus member, you accumulate bonuses and receive offers for member benefits that you can use during your next visit with us.\" \/>\n<meta property=\"og:url\" content=\"https:\/\/beveroya.no\/en\/about-us\/\" \/>\n<meta property=\"og:site_name\" content=\"Bever\u00f8ya Camping\" \/>\n<meta property=\"article:modified_time\" content=\"2026-04-07T08:58:09+00:00\" \/>\n<meta name=\"twitter:card\" content=\"summary_large_image\" \/>\n<meta name=\"twitter:label1\" content=\"Est. reading time\" \/>\n\t<meta name=\"twitter:data1\" content=\"3 minutes\" \/>\n<script type=\"application\/ld+json\" class=\"yoast-schema-graph\">{\"@context\":\"https:\/\/schema.org\",\"@graph\":[{\"@type\":\"WebPage\",\"@id\":\"https:\/\/beveroya.no\/en\/about-us\/\",\"url\":\"https:\/\/beveroya.no\/en\/about-us\/\",\"name\":\"About us - Bever\u00f8ya Camping\",\"isPartOf\":{\"@id\":\"https:\/\/beveroya.no\/en\/#website\"},\"datePublished\":\"2024-08-23T11:33:55+00:00\",\"dateModified\":\"2026-04-07T08:58:09+00:00\",\"description\":\"As a Bever\u00f8ya Plus member, you accumulate bonuses and receive offers for member benefits that you can use during your next visit with us.\",\"breadcrumb\":{\"@id\":\"https:\/\/beveroya.no\/en\/about-us\/#breadcrumb\"},\"inLanguage\":\"en-US\",\"potentialAction\":[{\"@type\":\"ReadAction\",\"target\":[\"https:\/\/beveroya.no\/en\/about-us\/\"]}]},{\"@type\":\"BreadcrumbList\",\"@id\":\"https:\/\/beveroya.no\/en\/about-us\/#breadcrumb\",\"itemListElement\":[{\"@type\":\"ListItem\",\"position\":1,\"name\":\"Hjem\",\"item\":\"https:\/\/beveroya.no\/en\/forside-2-2\/\"},{\"@type\":\"ListItem\",\"position\":2,\"name\":\"About us\"}]},{\"@type\":\"WebSite\",\"@id\":\"https:\/\/beveroya.no\/en\/#website\",\"url\":\"https:\/\/beveroya.no\/en\/\",\"name\":\"Bever\u00f8ya Camping\",\"description\":\"One online experience - for everything your destination has to offer.\",\"potentialAction\":[{\"@type\":\"SearchAction\",\"target\":{\"@type\":\"EntryPoint\",\"urlTemplate\":\"https:\/\/beveroya.no\/en\/?s={search_term_string}\"},\"query-input\":{\"@type\":\"PropertyValueSpecification\",\"valueRequired\":true,\"valueName\":\"search_term_string\"}}],\"inLanguage\":\"en-US\"}]}<\/script>\n<!-- \/ Yoast SEO plugin. -->","yoast_head_json":{"title":"About us - Bever\u00f8ya Camping","description":"As a Bever\u00f8ya Plus member, you accumulate bonuses and receive offers for member benefits that you can use during your next visit with us.","robots":{"index":"index","follow":"follow","max-snippet":"max-snippet:-1","max-image-preview":"max-image-preview:large","max-video-preview":"max-video-preview:-1"},"canonical":"https:\/\/beveroya.no\/en\/about-us\/","og_locale":"en_US","og_type":"article","og_title":"About us - Bever\u00f8ya Camping","og_description":"As a Bever\u00f8ya Plus member, you accumulate bonuses and receive offers for member benefits that you can use during your next visit with us.","og_url":"https:\/\/beveroya.no\/en\/about-us\/","og_site_name":"Bever\u00f8ya Camping","article_modified_time":"2026-04-07T08:58:09+00:00","twitter_card":"summary_large_image","twitter_misc":{"Est. reading time":"3 minutes"},"schema":{"@context":"https:\/\/schema.org","@graph":[{"@type":"WebPage","@id":"https:\/\/beveroya.no\/en\/about-us\/","url":"https:\/\/beveroya.no\/en\/about-us\/","name":"About us - Bever\u00f8ya Camping","isPartOf":{"@id":"https:\/\/beveroya.no\/en\/#website"},"datePublished":"2024-08-23T11:33:55+00:00","dateModified":"2026-04-07T08:58:09+00:00","description":"As a Bever\u00f8ya Plus member, you accumulate bonuses and receive offers for member benefits that you can use during your next visit with us.","breadcrumb":{"@id":"https:\/\/beveroya.no\/en\/about-us\/#breadcrumb"},"inLanguage":"en-US","potentialAction":[{"@type":"ReadAction","target":["https:\/\/beveroya.no\/en\/about-us\/"]}]},{"@type":"BreadcrumbList","@id":"https:\/\/beveroya.no\/en\/about-us\/#breadcrumb","itemListElement":[{"@type":"ListItem","position":1,"name":"Hjem","item":"https:\/\/beveroya.no\/en\/forside-2-2\/"},{"@type":"ListItem","position":2,"name":"About us"}]},{"@type":"WebSite","@id":"https:\/\/beveroya.no\/en\/#website","url":"https:\/\/beveroya.no\/en\/","name":"Bever\u00f8ya Camping","description":"One online experience - for everything your destination has to offer.","potentialAction":[{"@type":"SearchAction","target":{"@type":"EntryPoint","urlTemplate":"https:\/\/beveroya.no\/en\/?s={search_term_string}"},"query-input":{"@type":"PropertyValueSpecification","valueRequired":true,"valueName":"search_term_string"}}],"inLanguage":"en-US"}]}},"_links":{"self":[{"href":"https:\/\/beveroya.no\/en\/wp-json\/wp\/v2\/pages\/11467","targetHints":{"allow":["GET"]}}],"collection":[{"href":"https:\/\/beveroya.no\/en\/wp-json\/wp\/v2\/pages"}],"about":[{"href":"https:\/\/beveroya.no\/en\/wp-json\/wp\/v2\/types\/page"}],"author":[{"embeddable":true,"href":"https:\/\/beveroya.no\/en\/wp-json\/wp\/v2\/users\/33"}],"replies":[{"embeddable":true,"href":"https:\/\/beveroya.no\/en\/wp-json\/wp\/v2\/comments?post=11467"}],"version-history":[{"count":10,"href":"https:\/\/beveroya.no\/en\/wp-json\/wp\/v2\/pages\/11467\/revisions"}],"predecessor-version":[{"id":11878,"href":"https:\/\/beveroya.no\/en\/wp-json\/wp\/v2\/pages\/11467\/revisions\/11878"}],"wp:attachment":[{"href":"https:\/\/beveroya.no\/en\/wp-json\/wp\/v2\/media?parent=11467"}],"curies":[{"name":"wp","href":"https:\/\/api.w.org\/{rel}","templated":true}]}}